{"id":424,"date":"2023-05-18T19:12:12","date_gmt":"2023-05-18T17:12:12","guid":{"rendered":"https:\/\/interlaced.at\/?page_id=424"},"modified":"2024-03-12T04:43:11","modified_gmt":"2024-03-12T03:43:11","slug":"smart-home-powered-by-loxone","status":"publish","type":"page","link":"https:\/\/interlaced.at\/?page_id=424","title":{"rendered":"Loxone"},"content":{"rendered":"\n<p><\/p>\n\n\n\n<h2 class=\"wp-block-heading has-text-align-center\">Smart Home &#8211; powered by Loxone<\/h2>\n\n\n\n<figure class=\"wp-block-embed is-type-video is-provider-youtube wp-block-embed-youtube wp-embed-aspect-16-9 wp-has-aspect-ratio\"><div class=\"wp-block-embed__wrapper\">\n<div class=\"ast-oembed-container\" style=\"height: 100%;\"><iframe loading=\"lazy\" title=\"Loxone Digital Experience Tour I 2023 [HD]\" width=\"500\" height=\"281\" src=\"https:\/\/www.youtube.com\/embed\/avnxF34Lld8?feature=oembed\" frameborder=\"0\" allow=\"accelerometer; autoplay; clipboard-write; encrypted-media; gyroscope; picture-in-picture; web-share\" referrerpolicy=\"strict-origin-when-cross-origin\" allowfullscreen><\/iframe><\/div>\n<\/div><\/figure>\n\n\n\n<p class=\"has-text-align-center\">Bei einem Smarthome geht es immer um die Personen, die darin leben und arbeiten. <\/p>\n\n\n\n<p class=\"has-text-align-center\">Loxone erm\u00f6glicht die einfache Steuerung und intelligente Automatisierung von Projekten aller Art. Egal ob Smart  Home, Gewerbeobjekt oder Spezialanwendung \u2013 das System erledigt die meisten Aufgaben rund um Sicherheit,  Komfort und Energie-Effizienz von selbst. Loxone macht die Welt ein St\u00fcckchen einfacher. Daher unser Aufruf an alle: Create Automation!<\/p>\n\n\n\n<div class=\"wp-block-columns is-layout-flex wp-container-core-columns-is-layout-28f84493 wp-block-columns-is-layout-flex\">\n<div class=\"wp-block-column is-layout-flow wp-block-column-is-layout-flow\">\n<figure class=\"wp-block-image aligncenter size-full\"><img loading=\"lazy\" decoding=\"async\" width=\"54\" height=\"56\" src=\"https:\/\/interlaced.at\/wp-content\/uploads\/2023\/05\/image.png\" alt=\"\" class=\"wp-image-425\"\/><\/figure>\n\n\n\n<p class=\"has-text-align-center\">50.000 Handgriffe weniger, mehr Zeit zum<br>Leben. Das Loxone Smart Home erledigt die<br>meisten Aufgaben f\u00fcr Sie.<\/p>\n<\/div>\n\n\n\n<div class=\"wp-block-column is-layout-flow wp-block-column-is-layout-flow\">\n<figure class=\"wp-block-image aligncenter size-full\"><img loading=\"lazy\" decoding=\"async\" width=\"56\" height=\"55\" src=\"https:\/\/interlaced.at\/wp-content\/uploads\/2023\/05\/image-1.png\" alt=\"\" class=\"wp-image-426\"\/><\/figure>\n\n\n\n<p class=\"has-text-align-center\">Rundum L\u00f6sung: Wir bieten f\u00fcr jedes<br>Thema die ideale L\u00f6sung: Von A wie<br>Automatik-beschattung bis Z wie Zutritt.<\/p>\n<\/div>\n\n\n\n<div class=\"wp-block-column is-layout-flow wp-block-column-is-layout-flow\">\n<figure class=\"wp-block-image aligncenter size-full\"><img loading=\"lazy\" decoding=\"async\" width=\"54\" height=\"53\" src=\"https:\/\/interlaced.at\/wp-content\/uploads\/2023\/05\/image-2.png\" alt=\"\" class=\"wp-image-427\"\/><\/figure>\n\n\n\n<p class=\"has-text-align-center\">Mehr Sicherheit. Vom Einbruchschutz \u00fcber den Schutz  der Bewohner bis hin zum Schutz Ihrer Privatsph\u00e4re.<\/p>\n<\/div>\n\n\n\n<div class=\"wp-block-column is-layout-flow wp-block-column-is-layout-flow\">\n<figure class=\"wp-block-image aligncenter size-full\"><img loading=\"lazy\" decoding=\"async\" width=\"55\" height=\"53\" src=\"https:\/\/interlaced.at\/wp-content\/uploads\/2023\/05\/image-3.png\" alt=\"\" class=\"wp-image-428\"\/><\/figure>\n\n\n\n<p class=\"has-text-align-center\">Bis zu 51% Heiz- bzw. K\u00fchlkosten sparen. Mit<br>Loxone ist Ihr Zuhause perfekt temperiert und<br>gleichzeitig energie-optimiert.<\/p>\n<\/div>\n\n\n\n<div class=\"wp-block-column is-layout-flow wp-block-column-is-layout-flow\">\n<figure class=\"wp-block-image aligncenter size-full\"><img loading=\"lazy\" decoding=\"async\" width=\"52\" height=\"55\" src=\"https:\/\/interlaced.at\/wp-content\/uploads\/2023\/05\/image-4.png\" alt=\"\" class=\"wp-image-429\"\/><\/figure>\n\n\n\n<p class=\"has-text-align-center\">Einfach bedient via Taster. Bedienen Sie Licht,<br>Beschattung, Musik,\u2026 mit nur einem Taster pro<br>Raum.<\/p>\n<\/div>\n<\/div>\n","protected":false},"excerpt":{"rendered":"<p>Smart Home &#8211; powered by Loxone Bei einem Smarthome geht es immer um die Personen, die darin leben und arbeiten. Loxone erm\u00f6glicht die einfache Steuerung und intelligente Automatisierung von Projekten aller Art. Egal ob Smart Home, Gewerbeobjekt oder Spezialanwendung \u2013 das System erledigt die meisten Aufgaben rund um Sicherheit, Komfort und Energie-Effizienz von selbst. Loxone &hellip;<\/p>\n<p class=\"read-more\"> <a class=\"\" href=\"https:\/\/interlaced.at\/?page_id=424\"> <span class=\"screen-reader-text\">Loxone<\/span> Read More &raquo;<\/a><\/p>\n","protected":false},"author":1,"featured_media":0,"parent":308,"menu_order":0,"comment_status":"closed","ping_status":"closed","template":"","meta":{"_uag_custom_page_level_css":"","site-sidebar-layout":"default","site-content-layout":"default","ast-global-header-display":"","ast-banner-title-visibility":"","ast-main-header-display":"","ast-hfb-above-header-display":"","ast-hfb-below-header-display":"","ast-hfb-mobile-header-display":"","site-post-title":"disabled","ast-breadcrumbs-content":"","ast-featured-img":"","footer-sml-layout":"","theme-transparent-header-meta":"","adv-header-id-meta":"","stick-header-meta":"","header-above-stick-meta":"","header-main-stick-meta":"","header-below-stick-meta":"","footnotes":""},"class_list":["post-424","page","type-page","status-publish","hentry"],"uagb_featured_image_src":{"full":false,"thumbnail":false,"medium":false,"medium_large":false,"large":false,"1536x1536":false,"2048x2048":false},"uagb_author_info":{"display_name":"admin","author_link":"https:\/\/interlaced.at\/author\/admin"},"uagb_comment_info":0,"uagb_excerpt":"Smart Home &#8211; powered by Loxone Bei einem Smarthome geht es immer um die Personen, die darin leben und arbeiten. Loxone erm\u00f6glicht die einfache Steuerung und intelligente Automatisierung von Projekten aller Art. Egal ob Smart Home, Gewerbeobjekt oder Spezialanwendung \u2013 das System erledigt die meisten Aufgaben rund um Sicherheit, Komfort und Energie-Effizienz von selbst. Loxone&hellip;","_links":{"self":[{"href":"https:\/\/interlaced.at\/index.php?rest_route=\/wp\/v2\/pages\/424","targetHints":{"allow":["GET"]}}],"collection":[{"href":"https:\/\/interlaced.at\/index.php?rest_route=\/wp\/v2\/pages"}],"about":[{"href":"https:\/\/interlaced.at\/index.php?rest_route=\/wp\/v2\/types\/page"}],"author":[{"embeddable":true,"href":"https:\/\/interlaced.at\/index.php?rest_route=\/wp\/v2\/users\/1"}],"replies":[{"embeddable":true,"href":"https:\/\/interlaced.at\/index.php?rest_route=%2Fwp%2Fv2%2Fcomments&post=424"}],"version-history":[{"count":5,"href":"https:\/\/interlaced.at\/index.php?rest_route=\/wp\/v2\/pages\/424\/revisions"}],"predecessor-version":[{"id":461,"href":"https:\/\/interlaced.at\/index.php?rest_route=\/wp\/v2\/pages\/424\/revisions\/461"}],"up":[{"embeddable":true,"href":"https:\/\/interlaced.at\/index.php?rest_route=\/wp\/v2\/pages\/308"}],"wp:attachment":[{"href":"https:\/\/interlaced.at\/index.php?rest_route=%2Fwp%2Fv2%2Fmedia&parent=424"}],"curies":[{"name":"wp","href":"https:\/\/api.w.org\/{rel}","templated":true}]}}