{"id":308,"date":"2020-01-13T11:17:52","date_gmt":"2020-01-13T10:17:52","guid":{"rendered":"https:\/\/demosites.io\/web-agency-gb\/?page_id=5"},"modified":"2024-03-13T04:48:53","modified_gmt":"2024-03-13T03:48:53","slug":"15c42-web-agency-gb-home","status":"publish","type":"page","link":"https:\/\/interlaced.at\/","title":{"rendered":"Interlaced"},"content":{"rendered":"\n<div class=\"wp-block-cover aligncenter is-light\" style=\"min-height:50px;aspect-ratio:unset;\" id=\"start\"><span aria-hidden=\"true\" class=\"wp-block-cover__background has-background-dim-0 has-background-dim\"><\/span><div class=\"wp-block-cover__inner-container is-layout-flow wp-block-cover-is-layout-flow\">\n<h2 class=\"wp-block-heading has-text-align-center has-ast-global-color-8-color has-text-color\">Willkommen bei Interlaced, Ihrem Loxone Smart Home Partner in K\u00e4rnten!<\/h2>\n<\/div><\/div>\n\n\n\n<div class=\"inherit-container-width wp-block-group is-layout-constrained wp-block-group-is-layout-constrained\"><div class=\"wp-block-group__inner-container\">\n<h2 class=\"wp-block-heading has-text-align-center\" id=\"was-wir-ihnen-bieten-konnen\">WARUM EIN SMART HOME?<\/h2>\n\n\n\n<p class=\"has-text-align-center\">Stellen Sie sich die Frage, welches Gef\u00fchl Ihnen Ihr Zuhause geben muss. Die meisten unserer Kunden m\u00f6chten sich zuhause wohl, geborgen und sicher f\u00fchlen. Genau diese Bed\u00fcrfnisse k\u00f6nnen wir mit einem Smart Home decken. Dar\u00fcber hinaus ist es mit einem Loxone Smart Home auch m\u00f6glich, langfristig Energiekosten einzusparen um sich sp\u00e4ter einen Wunsch zu erf\u00fcllen.<\/p>\n\n\n\n<div class=\"wp-block-uagb-call-to-action uagb-block-a82eef49 wp-block-button\"><div class=\"uagb-cta__wrap\"><p class=\"uagb-cta__desc\">Interessiert? Melden Sie sich noch heute!<\/p><\/div><div class=\"uagb-cta__buttons\"><a href=\"https:\/\/interlaced.at\/?page_id=457\" class=\"uagb-cta__button-link-wrapper wp-block-button__link\" target=\"_blank\" rel=\"noopener noreferrer\">Kontakt<\/a><\/div><\/div>\n\n\n\n<h2 class=\"wp-block-heading has-text-align-center\" id=\"was-wir-ihnen-bieten-konnen\">WAS WIR BIETEN<\/h2>\n\n\n\n<p class=\"has-text-align-center\">Interlaced hat sich im Bereich K\u00e4rnten auf Smart Homes spezialisiert. Zus\u00e4tzlich bieten wir umfassende Dienstleistungen in den Bereichen Planung und Errichtung von Elektroinstallationen sowie Auslegungen und Montagen von Photovoltaiksystemen.<\/p>\n\n\n\n<figure class=\"wp-block-gallery has-nested-images columns-default is-cropped wp-block-gallery-1 is-layout-flex wp-block-gallery-is-layout-flex\">\n<figure class=\"wp-block-image size-large\"><img loading=\"lazy\" decoding=\"async\" width=\"1024\" height=\"683\" data-id=\"439\" src=\"https:\/\/interlaced.at\/wp-content\/uploads\/2023\/05\/electric-g2ca6b609d_1920-1024x683.jpg\" alt=\"\" class=\"wp-image-439\" srcset=\"https:\/\/interlaced.at\/wp-content\/uploads\/2023\/05\/electric-g2ca6b609d_1920-1024x683.jpg 1024w, https:\/\/interlaced.at\/wp-content\/uploads\/2023\/05\/electric-g2ca6b609d_1920-300x200.jpg 300w, https:\/\/interlaced.at\/wp-content\/uploads\/2023\/05\/electric-g2ca6b609d_1920-768x512.jpg 768w, https:\/\/interlaced.at\/wp-content\/uploads\/2023\/05\/electric-g2ca6b609d_1920-1536x1024.jpg 1536w, https:\/\/interlaced.at\/wp-content\/uploads\/2023\/05\/electric-g2ca6b609d_1920.jpg 1920w\" sizes=\"auto, (max-width: 1024px) 100vw, 1024px\" \/><\/figure>\n\n\n\n<figure class=\"wp-block-image size-large\"><img loading=\"lazy\" decoding=\"async\" width=\"1024\" height=\"665\" data-id=\"440\" src=\"https:\/\/interlaced.at\/wp-content\/uploads\/2023\/05\/energy-g8d1fbae20_1920-1-1024x665.jpg\" alt=\"\" class=\"wp-image-440\" srcset=\"https:\/\/interlaced.at\/wp-content\/uploads\/2023\/05\/energy-g8d1fbae20_1920-1-1024x665.jpg 1024w, https:\/\/interlaced.at\/wp-content\/uploads\/2023\/05\/energy-g8d1fbae20_1920-1-300x195.jpg 300w, https:\/\/interlaced.at\/wp-content\/uploads\/2023\/05\/energy-g8d1fbae20_1920-1-768x498.jpg 768w, https:\/\/interlaced.at\/wp-content\/uploads\/2023\/05\/energy-g8d1fbae20_1920-1-1536x997.jpg 1536w, https:\/\/interlaced.at\/wp-content\/uploads\/2023\/05\/energy-g8d1fbae20_1920-1.jpg 1920w\" sizes=\"auto, (max-width: 1024px) 100vw, 1024px\" \/><\/figure>\n<\/figure>\n\n\n\n<h2 class=\"wp-block-heading has-text-align-center\" id=\"was-wir-ihnen-bieten-konnen\">WARUM SIE AUF INTERLACED SETZEN SOLLTEN<\/h2>\n\n\n\n<p class=\"has-text-align-center\">Mit mehr als einem Jahrzehnt Erfahrung in der Bedarfsanalyse und Beratung bieten wir erfolgreiche Implementierungen von Automatisationsl\u00f6sungen f\u00fcr unsere Kunden. Unser Ansatz basiert auf einer individuellen Anpassung der Produkte an die Bed\u00fcrfnisse unserer Kunden. Jedes Anlage die wir planen und errichten, ist perfekt abgestimmt auf den Kunden und seine spezifischen Anforderungen.<\/p>\n\n\n\n<div class=\"wp-block-columns is-layout-flex wp-container-core-columns-is-layout-28f84493 wp-block-columns-is-layout-flex\">\n<div class=\"wp-block-column is-layout-flow wp-block-column-is-layout-flow\">\n<figure class=\"wp-block-image aligncenter size-large is-resized is-style-rounded\"><img loading=\"lazy\" decoding=\"async\" width=\"683\" height=\"1024\" src=\"https:\/\/interlaced.at\/wp-content\/uploads\/2024\/03\/IMG_9151-1-683x1024.jpg\" alt=\"\" class=\"wp-image-476\" style=\"width:198px;height:auto\" srcset=\"https:\/\/interlaced.at\/wp-content\/uploads\/2024\/03\/IMG_9151-1-683x1024.jpg 683w, https:\/\/interlaced.at\/wp-content\/uploads\/2024\/03\/IMG_9151-1-200x300.jpg 200w, https:\/\/interlaced.at\/wp-content\/uploads\/2024\/03\/IMG_9151-1-768x1152.jpg 768w, https:\/\/interlaced.at\/wp-content\/uploads\/2024\/03\/IMG_9151-1-1024x1536.jpg 1024w, https:\/\/interlaced.at\/wp-content\/uploads\/2024\/03\/IMG_9151-1-1365x2048.jpg 1365w, https:\/\/interlaced.at\/wp-content\/uploads\/2024\/03\/IMG_9151-1-scaled.jpg 1707w\" sizes=\"auto, (max-width: 683px) 100vw, 683px\" \/><\/figure>\n<\/div>\n\n\n\n<div class=\"wp-block-column is-layout-flow wp-block-column-is-layout-flow\">\n<p class=\"has-text-align-center\">Unser Gesch\u00e4ftsf\u00fchrer Stefan Dobernig ist f\u00fcr Sie direkt erreichbar und k\u00fcmmert sich pers\u00f6nlich um jegliche Themen, um sicherzustellen, dass wir unseren Kunden den bestm\u00f6glichen Kundensupport bieten.<\/p>\n\n\n\n<div class=\"wp-block-uagb-call-to-action uagb-block-ade55633 wp-block-button\"><div class=\"uagb-cta__wrap\"><h3 class=\"uagb-cta__title\">Kontaktieren Sie uns<\/h3><\/div><div class=\"uagb-cta__buttons\"><a href=\"https:\/\/interlaced.at\/?page_id=457\" class=\"uagb-cta__button-link-wrapper wp-block-button__link\" target=\"_blank\" rel=\"noopener noreferrer\">Kontakt<svg xmlns=\"https:\/\/www.w3.org\/2000\/svg\" viewBox=\"0 0 512 512\"><path d=\"M504.3 273.6l-112.1 104c-6.992 6.484-17.18 8.218-25.94 4.406c-8.758-3.812-14.42-12.45-14.42-21.1L351.9 288H32C14.33 288 .0002 273.7 .0002 255.1S14.33 224 32 224h319.9l0-72c0-9.547 5.66-18.19 14.42-22c8.754-3.809 18.95-2.075 25.94 4.41l112.1 104C514.6 247.9 514.6 264.1 504.3 273.6z\"><\/path><\/svg><\/a><\/div><\/div>\n<\/div>\n<\/div>\n\n\n\n<p class=\"has-text-align-center\">Unser Ziel ist es, ein etabliertes regionales Unternehmen zu werden, das f\u00fcr Qualit\u00e4t und Handschlagqualit\u00e4t steht. Wir m\u00f6chten unsere Kunden mit zuverl\u00e4ssigen und technisch innovativen L\u00f6sungen begeistern. Bei Interlaced IT &amp; Handel e.U. finden Sie ma\u00dfgeschneiderte Smarthome-L\u00f6sungen, die Komfort, Sicherheit und Energieeffizienz in Ihren Wohn- und Gewerbeimmobilien maximieren.<\/p>\n\n\n\n<p class=\"has-text-align-center\">F\u00fcr weitere Informationen oder eine pers\u00f6nliche Beratung stehen wir Ihnen gerne zur Verf\u00fcgung. Kontaktieren Sie uns noch heute!<\/p>\n\n\n\n<h2 class=\"wp-block-heading has-text-align-center\">T\u00e4tigkeitsgebiete<\/h2>\n\n\n\n<div class=\"wp-block-columns is-layout-flex wp-container-core-columns-is-layout-28f84493 wp-block-columns-is-layout-flex\">\n<div class=\"wp-block-column is-layout-flow wp-block-column-is-layout-flow\">\n<figure class=\"wp-block-image aligncenter size-full icon-style is-style-default\"><img loading=\"lazy\" decoding=\"async\" width=\"640\" height=\"427\" src=\"https:\/\/interlaced.at\/wp-content\/uploads\/2023\/05\/consulting-gcf22d84f8_640.jpg\" alt=\"\" class=\"wp-image-410\" title=\"\" srcset=\"https:\/\/interlaced.at\/wp-content\/uploads\/2023\/05\/consulting-gcf22d84f8_640.jpg 640w, https:\/\/interlaced.at\/wp-content\/uploads\/2023\/05\/consulting-gcf22d84f8_640-300x200.jpg 300w\" sizes=\"auto, (max-width: 640px) 100vw, 640px\" \/><\/figure>\n\n\n\n<h3 class=\"wp-block-heading has-text-align-center has-neve-text-color-color has-text-color\" id=\"fixed-price-projects\">Beratung<\/h3>\n\n\n\n<p class=\"has-text-align-center\">Wir stellen die richtigen Fragen, damit Sie eine perfekte Planung und Ausf\u00fchrung erhalten k\u00f6nnen.<\/p>\n\n\n\n<div style=\"height:20px\" aria-hidden=\"true\" class=\"wp-block-spacer\"><\/div>\n<\/div>\n\n\n\n<div class=\"wp-block-column is-layout-flow wp-block-column-is-layout-flow\">\n<figure class=\"wp-block-image aligncenter size-full icon-style is-style-default\"><img loading=\"lazy\" decoding=\"async\" width=\"640\" height=\"413\" src=\"https:\/\/interlaced.at\/wp-content\/uploads\/2023\/05\/computer-gf62f460cb_640.jpg\" alt=\"\" class=\"wp-image-411\" srcset=\"https:\/\/interlaced.at\/wp-content\/uploads\/2023\/05\/computer-gf62f460cb_640.jpg 640w, https:\/\/interlaced.at\/wp-content\/uploads\/2023\/05\/computer-gf62f460cb_640-300x194.jpg 300w\" sizes=\"auto, (max-width: 640px) 100vw, 640px\" \/><\/figure>\n\n\n\n<h3 class=\"wp-block-heading has-text-align-center has-neve-text-color-color has-text-color\" id=\"receive-on-time\">Planung<\/h3>\n\n\n\n<p class=\"has-text-align-center\">Unsere Projekte werden akribisch geplant und vorbereitet, damit Zeitpl\u00e4ne und Kosten eingehalten werden.<\/p>\n<\/div>\n\n\n\n<div class=\"wp-block-column is-layout-flow wp-block-column-is-layout-flow\">\n<figure class=\"wp-block-image aligncenter size-full icon-style is-style-default\"><img loading=\"lazy\" decoding=\"async\" width=\"640\" height=\"427\" src=\"https:\/\/interlaced.at\/wp-content\/uploads\/2023\/05\/cable-drum-g69836ae8d_640.jpg\" alt=\"\" class=\"wp-image-412\" srcset=\"https:\/\/interlaced.at\/wp-content\/uploads\/2023\/05\/cable-drum-g69836ae8d_640.jpg 640w, https:\/\/interlaced.at\/wp-content\/uploads\/2023\/05\/cable-drum-g69836ae8d_640-300x200.jpg 300w\" sizes=\"auto, (max-width: 640px) 100vw, 640px\" \/><\/figure>\n\n\n\n<h3 class=\"wp-block-heading has-text-align-center has-neve-text-color-color has-text-color\" id=\"fast-work-turnaround\">Ausf\u00fchrung<\/h3>\n\n\n\n<p class=\"has-text-align-center\">Wir verf\u00fcgen \u00fcber geschulte Fachkr\u00e4fte, die f\u00fcr Sie eine qualitativ hochwertige Arbeit liefern.<\/p>\n\n\n\n<div style=\"height:20px\" aria-hidden=\"true\" class=\"wp-block-spacer\"><\/div>\n<\/div>\n<\/div>\n<\/div><\/div>\n","protected":false},"excerpt":{"rendered":"<p>WARUM EIN SMART HOME? Stellen Sie sich die Frage, welches Gef\u00fchl Ihnen Ihr Zuhause geben muss. Die meisten unserer Kunden m\u00f6chten sich zuhause wohl, geborgen und sicher f\u00fchlen. Genau diese Bed\u00fcrfnisse k\u00f6nnen wir mit einem Smart Home decken. Dar\u00fcber hinaus ist es mit einem Loxone Smart Home auch m\u00f6glich, langfristig Energiekosten einzusparen um sich sp\u00e4ter &hellip;<\/p>\n<p class=\"read-more\"> <a class=\"\" href=\"https:\/\/interlaced.at\/\"> <span class=\"screen-reader-text\">Interlaced<\/span> Read More &raquo;<\/a><\/p>\n","protected":false},"author":1,"featured_media":0,"parent":0,"menu_order":1,"comment_status":"closed","ping_status":"closed","template":"","meta":{"_uag_custom_page_level_css":"","site-sidebar-layout":"default","site-content-layout":"default","ast-global-header-display":"","ast-banner-title-visibility":"","ast-main-header-display":"","ast-hfb-above-header-display":"","ast-hfb-below-header-display":"","ast-hfb-mobile-header-display":"","site-post-title":"disabled","ast-breadcrumbs-content":"disabled","ast-featured-img":"","footer-sml-layout":"","theme-transparent-header-meta":"","adv-header-id-meta":"","stick-header-meta":"","header-above-stick-meta":"","header-main-stick-meta":"","header-below-stick-meta":"","footnotes":""},"class_list":["post-308","page","type-page","status-publish","hentry"],"uagb_featured_image_src":{"full":false,"thumbnail":false,"medium":false,"medium_large":false,"large":false,"1536x1536":false,"2048x2048":false},"uagb_author_info":{"display_name":"admin","author_link":"https:\/\/interlaced.at\/author\/admin"},"uagb_comment_info":0,"uagb_excerpt":"WARUM EIN SMART HOME? Stellen Sie sich die Frage, welches Gef\u00fchl Ihnen Ihr Zuhause geben muss. Die meisten unserer Kunden m\u00f6chten sich zuhause wohl, geborgen und sicher f\u00fchlen. Genau diese Bed\u00fcrfnisse k\u00f6nnen wir mit einem Smart Home decken. Dar\u00fcber hinaus ist es mit einem Loxone Smart Home auch m\u00f6glich, langfristig Energiekosten einzusparen um sich sp\u00e4ter&hellip;","_links":{"self":[{"href":"https:\/\/interlaced.at\/index.php?rest_route=\/wp\/v2\/pages\/308","targetHints":{"allow":["GET"]}}],"collection":[{"href":"https:\/\/interlaced.at\/index.php?rest_route=\/wp\/v2\/pages"}],"about":[{"href":"https:\/\/interlaced.at\/index.php?rest_route=\/wp\/v2\/types\/page"}],"author":[{"embeddable":true,"href":"https:\/\/interlaced.at\/index.php?rest_route=\/wp\/v2\/users\/1"}],"replies":[{"embeddable":true,"href":"https:\/\/interlaced.at\/index.php?rest_route=%2Fwp%2Fv2%2Fcomments&post=308"}],"version-history":[{"count":20,"href":"https:\/\/interlaced.at\/index.php?rest_route=\/wp\/v2\/pages\/308\/revisions"}],"predecessor-version":[{"id":480,"href":"https:\/\/interlaced.at\/index.php?rest_route=\/wp\/v2\/pages\/308\/revisions\/480"}],"wp:attachment":[{"href":"https:\/\/interlaced.at\/index.php?rest_route=%2Fwp%2Fv2%2Fmedia&parent=308"}],"curies":[{"name":"wp","href":"https:\/\/api.w.org\/{rel}","templated":true}]}}